{"id":2765,"date":"2025-07-01T12:46:34","date_gmt":"2025-07-01T15:46:34","guid":{"rendered":"https:\/\/blog.aqui.eletromidia.com.br\/?page_id=2765"},"modified":"2025-07-01T16:17:48","modified_gmt":"2025-07-01T19:17:48","slug":"sobre-aqui-ads","status":"publish","type":"page","link":"https:\/\/aquiads.com.br\/blog\/sobre-aqui-ads\/","title":{"rendered":"Sobre o Aqui Ads"},"content":{"rendered":"\n<div class=\"wp-block-group alignfull has-accent-background-color has-background is-layout-constrained wp-container-core-group-is-layout-669513ed wp-block-group-is-layout-constrained\" style=\"margin-top:0;margin-bottom:0;padding-top:var(--wp--preset--spacing--50);padding-right:var(--wp--preset--spacing--50);padding-bottom:var(--wp--preset--spacing--50);padding-left:var(--wp--preset--spacing--50)\">\n<div class=\"wp-block-columns alignwide is-layout-flex wp-container-core-columns-is-layout-1da03c2a wp-block-columns-is-layout-flex\">\n<div class=\"wp-block-column is-vertically-aligned-stretch is-layout-flow wp-block-column-is-layout-flow\" style=\"flex-basis:50%\">\n<div class=\"wp-block-group is-vertical is-content-justification-stretch is-layout-flex wp-container-core-group-is-layout-444d5ee8 wp-block-group-is-layout-flex\" style=\"min-height:100%\">\n<p class=\"has-heading-font-family has-x-large-font-size\" style=\"line-height:1.2\">No <strong>Aqui Ads<\/strong>, acreditamos que toda empresa merece visibilidade e oportunidades crescimento. <\/p>\n\n\n\n<p class=\"has-heading-font-family has-x-large-font-size\" style=\"line-height:1.2\">Somos uma plataforma dedicada a simplificar e otimizar a publicidade out of home, conectando neg\u00f3cios aos seus p\u00fablicos de maneira eficiente e estrat\u00e9gica.<\/p>\n\n\n\n<div class=\"wp-block-group is-content-justification-left is-layout-constrained wp-container-core-group-is-layout-9fe8ed88 wp-block-group-is-layout-constrained\">\n<p class=\"wp-container-content-0733e5d0\">Maximize a visibilidade da sua marca! Descubra como o Aqui Ads transforma telas em vitrines para sua empresa.<\/p>\n<\/div>\n<\/div>\n<\/div>\n\n\n\n<div class=\"wp-block-column is-vertically-aligned-center is-layout-flow wp-block-column-is-layout-flow\" style=\"flex-basis:50%\">\n<figure class=\"wp-block-image size-large is-style-rounded\"><img decoding=\"async\" src=\"https:\/\/blog.aqui.eletromidia.com.br\/wp-content\/uploads\/2025\/07\/aquiads_shopping_ooh-819x1024.png\" alt=\"Pessoas caminhando em um shopping center moderno com um an\u00fancio digital suspenso do Aqui Ads. O an\u00fancio verde exibe a frase 'Com menos do que voc\u00ea imagina, sua empresa aparece mais do que nunca' e uma ilustra\u00e7\u00e3o de um megafone.\" class=\"wp-image-2769\" style=\"aspect-ratio:3\/4;object-fit:cover\"\/><\/figure>\n<\/div>\n<\/div>\n<\/div>\n\n\n\n<div class=\"wp-block-group alignfull has-base-color has-contrast-background-color has-text-color has-background has-link-color wp-elements-58ce22c15dd77621028858873cf3d87c is-layout-constrained wp-container-core-group-is-layout-d89aad35 wp-block-group-is-layout-constrained\" style=\"margin-top:0;margin-bottom:0;padding-top:var(--wp--preset--spacing--50);padding-right:var(--wp--preset--spacing--50);padding-bottom:var(--wp--preset--spacing--50);padding-left:var(--wp--preset--spacing--50)\">\n<h2 class=\"wp-block-heading alignwide has-base-color has-text-color has-link-color wp-elements-f5e13daaec275db4415328ace1ff71fa\" style=\"font-size:80px;letter-spacing:-0.02em\">Perguntas frequentes<\/h2>\n\n\n\n<div class=\"wp-block-group alignwide is-layout-flow wp-block-group-is-layout-flow\">\n<hr class=\"wp-block-separator has-text-color has-base-color has-alpha-channel-opacity has-base-background-color has-background is-style-wide\" style=\"margin-top:var(--wp--preset--spacing--30);margin-bottom:var(--wp--preset--spacing--30)\"\/>\n\n\n\n<h3 class=\"wp-block-heading alignwide has-base-2-color has-text-color has-link-color wp-elements-9e705ee1d3d41a58bb6525abcb1f5156\">O que \u00e9 o Aqui Ads?<\/h3>\n\n\n\n<p class=\"has-contrast-1-color has-text-color has-link-color wp-elements-b9f8995de3b23664486cb7cfcde40d2e\">O Aqui Ads \u00e9 uma plataforma digital que permite criar, contratar e gerenciar campanhas publicit\u00e1rias de forma pr\u00e1tica e direta.<\/p>\n\n\n\n<p>Voc\u00ea pode selecionar pontos de m\u00eddia (telas digitais e est\u00e1ticas em elevadores, shoppings, transportes, aeroportos e outros locais), definir os formatos e a dura\u00e7\u00e3o das campanhas, e pagar por elas de maneira simples.<\/p>\n\n\n\n<p>Al\u00e9m disso, a plataforma oferece ferramentas para personalizar an\u00fancios com modelos edit\u00e1veis e oferece descontos para cond\u00f4minos que desejam anunciar em pontos espec\u00edficos.<\/p>\n\n\n\n<p class=\"has-contrast-1-color has-text-color has-link-color wp-elements-727dde0989feecb1451282d6cd70572d\">O Aqui Ads&nbsp;busca democratizar o acesso a campanhas publicit\u00e1rias OOH (Out of Home), oferecendo op\u00e7\u00f5es para empresas de diferentes tamanhos e necessidades.<\/p>\n\n\n\n<hr class=\"wp-block-separator has-text-color has-base-color has-alpha-channel-opacity has-base-background-color has-background is-style-wide\" style=\"margin-top:var(--wp--preset--spacing--30);margin-bottom:var(--wp--preset--spacing--30)\"\/>\n\n\n\n<h3 class=\"wp-block-heading alignwide has-base-2-color has-text-color has-link-color wp-elements-6cf365f212f69e3e09edfc06f227d8f3\">Como anunciar no Aqui Ads?<\/h3>\n\n\n\n<p class=\"has-contrast-1-color has-text-color has-link-color wp-elements-9a3fc7a1c123a042f9a719d01056cb24\">1.<strong>&nbsp;Cadastre-se no site:<\/strong><br>Acesse&nbsp;<a href=\"https:\/\/aqui.eletromidia.com.br\/\">https:\/\/aqui.eletromidia.com.br<\/a>&nbsp;e crie sua conta gratuita.<\/p>\n\n\n\n<p>2.<strong>&nbsp;Escolha onde quer anunciar:<\/strong><br>Use a barra de busca para digitar o endere\u00e7o desejado, selecione a&nbsp;<strong>data de in\u00edcio<\/strong>,&nbsp;<strong>dura\u00e7\u00e3o da campanha (2 semanas, 4 semanas, etc.)<\/strong>.<\/p>\n\n\n\n<p>3.<strong>&nbsp;Filtre por tipo de ambiente:<\/strong><br>Utilizando os filtros, voc\u00ea pode escolher o ambiente que deseja anunciar&nbsp;<strong>(como elevador residencial, comercial, etc.).<\/strong><\/p>\n\n\n\n<p>4.&nbsp;<strong>Personalize seu an\u00fancio:<\/strong><br>Voc\u00ea pode&nbsp;<strong>enviar a arte pronta<\/strong>&nbsp;ou usar a nossa&nbsp;<strong>IA gratuita<\/strong>&nbsp;para criar seu an\u00fancio direto na plataforma.<\/p>\n\n\n\n<p><strong>5. Fa\u00e7a o pagamento:<\/strong><\/p>\n\n\n\n<p>Voc\u00ea pode pagar por PIX, Cart\u00e3o de Cr\u00e9dito ou Boleto (para compras acima de R$2.000)<\/p>\n\n\n\n<p class=\"has-contrast-1-color has-text-color has-link-color wp-elements-f24692bef07a5442408027b06b1e05e4\"><strong>Pronto!<\/strong> Sua campanha ser\u00e1 exibida nas datas e locais que voc\u00ea selecionou.<\/p>\n\n\n\n<hr class=\"wp-block-separator has-text-color has-base-color has-alpha-channel-opacity has-base-background-color has-background is-style-wide\" style=\"margin-top:var(--wp--preset--spacing--30);margin-bottom:var(--wp--preset--spacing--30)\"\/>\n\n\n\n<h3 class=\"wp-block-heading alignwide has-base-2-color has-text-color has-link-color wp-elements-f2b1ab7f250204933181d79426419bee\">Como funciona o Aqui Ads?<\/h3>\n\n\n\n<p class=\"has-contrast-1-color has-text-color has-link-color wp-elements-44c3882a44a8930b0368447d2426c3e3\">Acessando a plataforma \u00e9 poss\u00edvel visualizar e escolher os pontos onde deseja anunciar, selecionar data de in\u00edcio do an\u00fancio e per\u00edodo de dura\u00e7\u00e3o (2, 4, 12 ou 24 semanas), al\u00e9m de poder acompanhar o status do seu an\u00fancio. \u00c9 poss\u00edvel enviar o arquivo em imagem ou v\u00eddeo e tamb\u00e9m criar a arte que ser\u00e1 utilizada no an\u00fancio diretamente na plataforma, com aux\u00edlio da ferramenta de Intelig\u00eancia Artificial integrada.<\/p>\n\n\n\n<hr class=\"wp-block-separator has-text-color has-base-color has-alpha-channel-opacity has-base-background-color has-background is-style-wide\" style=\"margin-top:var(--wp--preset--spacing--30);margin-bottom:var(--wp--preset--spacing--30)\"\/>\n\n\n\n<h3 class=\"wp-block-heading alignwide has-base-2-color has-text-color has-link-color wp-elements-3b5e00adcdf73132054bea0c2a4d5c86\">O que posso anunciar nas telas de OOH pelo Aqui Ads?<\/h3>\n\n\n\n<p class=\"has-contrast-1-color has-text-color has-link-color wp-elements-3d4483742c032e57b3f52b3f33e558bb\">As telas de m\u00eddia out of home permitem que voc\u00ea divulgue a sua empresa, produtos e servi\u00e7os de forma direta e geolocalizada.<\/p>\n\n\n\n<div style=\"margin-top:var(--wp--preset--spacing--10);margin-bottom:0;height:var(--wp--preset--spacing--10)\" aria-hidden=\"true\" class=\"wp-block-spacer\"><\/div>\n<\/div>\n<\/div>\n\n\n\n<div class=\"wp-block-group alignfull has-accent-3-background-color has-background is-layout-constrained wp-container-core-group-is-layout-d89aad35 wp-block-group-is-layout-constrained\" style=\"margin-top:0;margin-bottom:0;padding-top:var(--wp--preset--spacing--50);padding-right:var(--wp--preset--spacing--50);padding-bottom:var(--wp--preset--spacing--50);padding-left:var(--wp--preset--spacing--50)\">\n<div class=\"wp-block-columns alignwide is-layout-flex wp-container-core-columns-is-layout-1da03c2a wp-block-columns-is-layout-flex\">\n<div class=\"wp-block-column is-vertically-aligned-center is-layout-flow wp-block-column-is-layout-flow\" style=\"flex-basis:60%\">\n<figure class=\"wp-block-image aligncenter size-full is-resized is-style-rounded\"><img fetchpriority=\"high\" decoding=\"async\" width=\"2560\" height=\"1708\" src=\"https:\/\/blog.aqui.eletromidia.com.br\/wp-content\/uploads\/2023\/11\/AdobeStock_621850918-scaled.jpeg\" alt=\"Trilha do Conhecimento em Out of Home da Eletromidia. Mulher sorridente anotando e mexendo em um computador\" class=\"wp-image-1974\" style=\"aspect-ratio:1.3333333333333333;object-fit:cover;width:515px;height:auto\" srcset=\"https:\/\/aquiads.com.br\/blog\/wp-content\/uploads\/2023\/11\/AdobeStock_621850918-scaled.jpeg 2560w, https:\/\/aquiads.com.br\/blog\/wp-content\/uploads\/2023\/11\/AdobeStock_621850918-300x200.jpeg 300w, https:\/\/aquiads.com.br\/blog\/wp-content\/uploads\/2023\/11\/AdobeStock_621850918-1024x683.jpeg 1024w, https:\/\/aquiads.com.br\/blog\/wp-content\/uploads\/2023\/11\/AdobeStock_621850918-768x512.jpeg 768w, https:\/\/aquiads.com.br\/blog\/wp-content\/uploads\/2023\/11\/AdobeStock_621850918-1536x1025.jpeg 1536w, https:\/\/aquiads.com.br\/blog\/wp-content\/uploads\/2023\/11\/AdobeStock_621850918-2048x1366.jpeg 2048w\" sizes=\"(max-width: 2560px) 100vw, 2560px\" \/><\/figure>\n<\/div>\n\n\n\n<div class=\"wp-block-column is-vertically-aligned-center is-layout-flow wp-block-column-is-layout-flow\" style=\"flex-basis:40%\">\n<h2 class=\"wp-block-heading has-contrast-color has-text-color has-link-color wp-elements-029e1b1b12f0152bc5417f75bfa89aee\">Aprenda mais sobre m\u00eddia out of home<\/h2>\n\n\n\n<p>Conhe\u00e7a a Trilha do Conhecimento do OOH, criada para apoiar empreendedores e ag\u00eancias a impulsionar resultados com estrat\u00e9gias fora de casa.<\/p>\n\n\n\n<div class=\"wp-block-buttons is-layout-flex wp-block-buttons-is-layout-flex\">\n<div class=\"wp-block-button\"><a class=\"wp-block-button__link wp-element-button\" href=\"https:\/\/eletromidia.thinkific.com\/courses\/trilha-do-conhecimento\">Acessar Trilha do Conhecimento<\/a><\/div>\n<\/div>\n<\/div>\n<\/div>\n<\/div>\n\n\n\n<div class=\"wp-block-group alignfull is-layout-constrained wp-container-core-group-is-layout-d89aad35 wp-block-group-is-layout-constrained\" style=\"margin-top:0;margin-bottom:0;padding-top:var(--wp--preset--spacing--50);padding-right:var(--wp--preset--spacing--50);padding-bottom:var(--wp--preset--spacing--50);padding-left:var(--wp--preset--spacing--50)\">\n<div class=\"wp-block-columns alignwide are-vertically-aligned-center is-layout-flex wp-container-core-columns-is-layout-47c06fe3 wp-block-columns-is-layout-flex\">\n<div class=\"wp-block-column is-vertically-aligned-center is-layout-flow wp-block-column-is-layout-flow\" style=\"flex-basis:50%\">\n<h2 class=\"wp-block-heading\">Impacte a jornada do seu cliente por meio das telas out of home<\/h2>\n\n\n\n<div class=\"wp-block-buttons is-layout-flex wp-block-buttons-is-layout-flex\">\n<div class=\"wp-block-button\"><a class=\"wp-block-button__link wp-element-button\" href=\"https:\/\/aqui.eletromidia.com.br\/utm_source=blog_pme&amp;utm_medium=blog_sobre&amp;utm_campaign=blog_pme&amp;\">Comece a anunciar<\/a><\/div>\n\n\n\n<div class=\"wp-block-button is-style-outline is-style-outline--1\"><a class=\"wp-block-button__link wp-element-button\" href=\"https:\/\/campaign.eletromidia.com.br\/para-anunciar\">Quero mais informa\u00e7\u00f5es<\/a><\/div>\n<\/div>\n<\/div>\n\n\n\n<div class=\"wp-block-column is-vertically-aligned-center is-layout-flow wp-block-column-is-layout-flow\" style=\"flex-basis:50%\">\n<figure class=\"wp-block-image size-full is-style-rounded\"><img decoding=\"async\" src=\"https:\/\/blog.aqui.eletromidia.com.br\/wp-content\/uploads\/2025\/07\/tembici-rj_aquiads_ooh-scaled.png\" alt=\"Painel de publicidade digital da Eletromidia exibindo um an\u00fancio vibrante com uma mulher sorrindo em um fundo rosa, localizado ao lado de uma esta\u00e7\u00e3o de bicicletas Tembici em uma rua movimentada do Rio de Janeiro, com praia e montanhas ao fundo.\" class=\"wp-image-2770\" style=\"aspect-ratio:4\/3;object-fit:cover\"\/><figcaption class=\"wp-element-caption\">Veja como o Aqui Ads possibilita a conex\u00e3o da sua marca ao p\u00fablico em movimento por todo o Brasil acessando o site aqui.eletromidia.com.br.<\/figcaption><\/figure>\n<\/div>\n<\/div>\n<\/div>\n\n\n\n<p><\/p>\n","protected":false},"excerpt":{"rendered":"<p>No Aqui Ads, acreditamos que toda empresa merece visibilidade e oportunidades crescimento. Somos uma plataforma dedicada a simplificar e otimizar a publicidade out of home, conectando neg\u00f3cios aos seus p\u00fablicos de maneira eficiente e estrat\u00e9gica. Maximize a visibilidade da sua marca! Descubra como o Aqui Ads transforma telas em vitrines para sua empresa. Perguntas frequentes [&hellip;]<\/p>\n","protected":false},"author":2,"featured_media":0,"parent":0,"menu_order":0,"comment_status":"closed","ping_status":"closed","template":"","meta":{"_acf_changed":false,"content-type":"","footnotes":""},"class_list":["post-2765","page","type-page","status-publish","hentry"],"acf":[],"yoast_head":"<!-- This site is optimized with the Yoast SEO plugin v27.4 - https:\/\/yoast.com\/product\/yoast-seo-wordpress\/ -->\n<title>Sobre o Aqui Ads - Blog do Aqui Ads<\/title>\n<meta name=\"description\" content=\"Aqui Ads para impulsionar seu neg\u00f3cio: atrair clientes, aumentar vendas e construir uma marca forte no mercado offline.\" \/>\n<meta name=\"robots\" content=\"index, follow, max-snippet:-1, max-image-preview:large, max-video-preview:-1\" \/>\n<link rel=\"canonical\" href=\"https:\/\/aquiads.com.br\/blog\/sobre-aqui-ads\/\" \/>\n<meta property=\"og:locale\" content=\"pt_BR\" \/>\n<meta property=\"og:type\" content=\"article\" \/>\n<meta property=\"og:title\" content=\"Sobre o Aqui Ads - Blog do Aqui Ads\" \/>\n<meta property=\"og:description\" content=\"Aqui Ads para impulsionar seu neg\u00f3cio: atrair clientes, aumentar vendas e construir uma marca forte no mercado offline.\" \/>\n<meta property=\"og:url\" content=\"https:\/\/aquiads.com.br\/blog\/sobre-aqui-ads\/\" \/>\n<meta property=\"og:site_name\" content=\"Blog do Aqui Ads\" \/>\n<meta property=\"article:modified_time\" content=\"2025-07-01T19:17:48+00:00\" \/>\n<meta property=\"og:image\" content=\"https:\/\/blog.aqui.eletromidia.com.br\/wp-content\/uploads\/2025\/07\/aquiads_shopping_ooh-819x1024.png\" \/>\n<meta name=\"twitter:card\" content=\"summary_large_image\" \/>\n<meta name=\"twitter:label1\" content=\"Est. tempo de leitura\" \/>\n\t<meta name=\"twitter:data1\" content=\"4 minutos\" \/>\n<script type=\"application\/ld+json\" class=\"yoast-schema-graph\">{\"@context\":\"https:\\\/\\\/schema.org\",\"@graph\":[{\"@type\":\"WebPage\",\"@id\":\"https:\\\/\\\/aquiads.com.br\\\/blog\\\/sobre-aqui-ads\\\/\",\"url\":\"https:\\\/\\\/aquiads.com.br\\\/blog\\\/sobre-aqui-ads\\\/\",\"name\":\"Sobre o Aqui Ads - Blog do Aqui Ads\",\"isPartOf\":{\"@id\":\"https:\\\/\\\/aquiads.com.br\\\/blog\\\/#website\"},\"primaryImageOfPage\":{\"@id\":\"https:\\\/\\\/aquiads.com.br\\\/blog\\\/sobre-aqui-ads\\\/#primaryimage\"},\"image\":{\"@id\":\"https:\\\/\\\/aquiads.com.br\\\/blog\\\/sobre-aqui-ads\\\/#primaryimage\"},\"thumbnailUrl\":\"https:\\\/\\\/blog.aqui.eletromidia.com.br\\\/wp-content\\\/uploads\\\/2025\\\/07\\\/aquiads_shopping_ooh-819x1024.png\",\"datePublished\":\"2025-07-01T15:46:34+00:00\",\"dateModified\":\"2025-07-01T19:17:48+00:00\",\"description\":\"Aqui Ads para impulsionar seu neg\u00f3cio: atrair clientes, aumentar vendas e construir uma marca forte no mercado offline.\",\"breadcrumb\":{\"@id\":\"https:\\\/\\\/aquiads.com.br\\\/blog\\\/sobre-aqui-ads\\\/#breadcrumb\"},\"inLanguage\":\"pt-BR\",\"potentialAction\":[{\"@type\":\"ReadAction\",\"target\":[\"https:\\\/\\\/aquiads.com.br\\\/blog\\\/sobre-aqui-ads\\\/\"]}]},{\"@type\":\"ImageObject\",\"inLanguage\":\"pt-BR\",\"@id\":\"https:\\\/\\\/aquiads.com.br\\\/blog\\\/sobre-aqui-ads\\\/#primaryimage\",\"url\":\"https:\\\/\\\/blog.aqui.eletromidia.com.br\\\/wp-content\\\/uploads\\\/2025\\\/07\\\/aquiads_shopping_ooh-819x1024.png\",\"contentUrl\":\"https:\\\/\\\/blog.aqui.eletromidia.com.br\\\/wp-content\\\/uploads\\\/2025\\\/07\\\/aquiads_shopping_ooh-819x1024.png\"},{\"@type\":\"BreadcrumbList\",\"@id\":\"https:\\\/\\\/aquiads.com.br\\\/blog\\\/sobre-aqui-ads\\\/#breadcrumb\",\"itemListElement\":[{\"@type\":\"ListItem\",\"position\":1,\"name\":\"Home\",\"item\":\"https:\\\/\\\/aquiads.com.br\\\/blog\\\/\"},{\"@type\":\"ListItem\",\"position\":2,\"name\":\"Sobre o Aqui Ads\"}]},{\"@type\":\"WebSite\",\"@id\":\"https:\\\/\\\/aquiads.com.br\\\/blog\\\/#website\",\"url\":\"https:\\\/\\\/aquiads.com.br\\\/blog\\\/\",\"name\":\"Blog do Aqui Ads\",\"description\":\"O blog e podcast da plataforma Aqui Ads para impulsionar os empreendedores brasileiros.\",\"publisher\":{\"@id\":\"https:\\\/\\\/aquiads.com.br\\\/blog\\\/#organization\"},\"potentialAction\":[{\"@type\":\"SearchAction\",\"target\":{\"@type\":\"EntryPoint\",\"urlTemplate\":\"https:\\\/\\\/aquiads.com.br\\\/blog\\\/?s={search_term_string}\"},\"query-input\":{\"@type\":\"PropertyValueSpecification\",\"valueRequired\":true,\"valueName\":\"search_term_string\"}}],\"inLanguage\":\"pt-BR\"},{\"@type\":\"Organization\",\"@id\":\"https:\\\/\\\/aquiads.com.br\\\/blog\\\/#organization\",\"name\":\"Blog do Aqui Ads\",\"url\":\"https:\\\/\\\/aquiads.com.br\\\/blog\\\/\",\"logo\":{\"@type\":\"ImageObject\",\"inLanguage\":\"pt-BR\",\"@id\":\"https:\\\/\\\/aquiads.com.br\\\/blog\\\/#\\\/schema\\\/logo\\\/image\\\/\",\"url\":\"https:\\\/\\\/aquiads.com.br\\\/blog\\\/wp-content\\\/uploads\\\/2025\\\/06\\\/ExclusivoPlataforma_AquiADS_Laranja-2.png\",\"contentUrl\":\"https:\\\/\\\/aquiads.com.br\\\/blog\\\/wp-content\\\/uploads\\\/2025\\\/06\\\/ExclusivoPlataforma_AquiADS_Laranja-2.png\",\"width\":1692,\"height\":383,\"caption\":\"Blog do Aqui Ads\"},\"image\":{\"@id\":\"https:\\\/\\\/aquiads.com.br\\\/blog\\\/#\\\/schema\\\/logo\\\/image\\\/\"}}]}<\/script>\n<!-- \/ Yoast SEO plugin. -->","yoast_head_json":{"title":"Sobre o Aqui Ads - Blog do Aqui Ads","description":"Aqui Ads para impulsionar seu neg\u00f3cio: atrair clientes, aumentar vendas e construir uma marca forte no mercado offline.","robots":{"index":"index","follow":"follow","max-snippet":"max-snippet:-1","max-image-preview":"max-image-preview:large","max-video-preview":"max-video-preview:-1"},"canonical":"https:\/\/aquiads.com.br\/blog\/sobre-aqui-ads\/","og_locale":"pt_BR","og_type":"article","og_title":"Sobre o Aqui Ads - Blog do Aqui Ads","og_description":"Aqui Ads para impulsionar seu neg\u00f3cio: atrair clientes, aumentar vendas e construir uma marca forte no mercado offline.","og_url":"https:\/\/aquiads.com.br\/blog\/sobre-aqui-ads\/","og_site_name":"Blog do Aqui Ads","article_modified_time":"2025-07-01T19:17:48+00:00","og_image":[{"url":"https:\/\/blog.aqui.eletromidia.com.br\/wp-content\/uploads\/2025\/07\/aquiads_shopping_ooh-819x1024.png","type":"","width":"","height":""}],"twitter_card":"summary_large_image","twitter_misc":{"Est. tempo de leitura":"4 minutos"},"schema":{"@context":"https:\/\/schema.org","@graph":[{"@type":"WebPage","@id":"https:\/\/aquiads.com.br\/blog\/sobre-aqui-ads\/","url":"https:\/\/aquiads.com.br\/blog\/sobre-aqui-ads\/","name":"Sobre o Aqui Ads - Blog do Aqui Ads","isPartOf":{"@id":"https:\/\/aquiads.com.br\/blog\/#website"},"primaryImageOfPage":{"@id":"https:\/\/aquiads.com.br\/blog\/sobre-aqui-ads\/#primaryimage"},"image":{"@id":"https:\/\/aquiads.com.br\/blog\/sobre-aqui-ads\/#primaryimage"},"thumbnailUrl":"https:\/\/blog.aqui.eletromidia.com.br\/wp-content\/uploads\/2025\/07\/aquiads_shopping_ooh-819x1024.png","datePublished":"2025-07-01T15:46:34+00:00","dateModified":"2025-07-01T19:17:48+00:00","description":"Aqui Ads para impulsionar seu neg\u00f3cio: atrair clientes, aumentar vendas e construir uma marca forte no mercado offline.","breadcrumb":{"@id":"https:\/\/aquiads.com.br\/blog\/sobre-aqui-ads\/#breadcrumb"},"inLanguage":"pt-BR","potentialAction":[{"@type":"ReadAction","target":["https:\/\/aquiads.com.br\/blog\/sobre-aqui-ads\/"]}]},{"@type":"ImageObject","inLanguage":"pt-BR","@id":"https:\/\/aquiads.com.br\/blog\/sobre-aqui-ads\/#primaryimage","url":"https:\/\/blog.aqui.eletromidia.com.br\/wp-content\/uploads\/2025\/07\/aquiads_shopping_ooh-819x1024.png","contentUrl":"https:\/\/blog.aqui.eletromidia.com.br\/wp-content\/uploads\/2025\/07\/aquiads_shopping_ooh-819x1024.png"},{"@type":"BreadcrumbList","@id":"https:\/\/aquiads.com.br\/blog\/sobre-aqui-ads\/#breadcrumb","itemListElement":[{"@type":"ListItem","position":1,"name":"Home","item":"https:\/\/aquiads.com.br\/blog\/"},{"@type":"ListItem","position":2,"name":"Sobre o Aqui Ads"}]},{"@type":"WebSite","@id":"https:\/\/aquiads.com.br\/blog\/#website","url":"https:\/\/aquiads.com.br\/blog\/","name":"Blog do Aqui Ads","description":"O blog e podcast da plataforma Aqui Ads para impulsionar os empreendedores brasileiros.","publisher":{"@id":"https:\/\/aquiads.com.br\/blog\/#organization"},"potentialAction":[{"@type":"SearchAction","target":{"@type":"EntryPoint","urlTemplate":"https:\/\/aquiads.com.br\/blog\/?s={search_term_string}"},"query-input":{"@type":"PropertyValueSpecification","valueRequired":true,"valueName":"search_term_string"}}],"inLanguage":"pt-BR"},{"@type":"Organization","@id":"https:\/\/aquiads.com.br\/blog\/#organization","name":"Blog do Aqui Ads","url":"https:\/\/aquiads.com.br\/blog\/","logo":{"@type":"ImageObject","inLanguage":"pt-BR","@id":"https:\/\/aquiads.com.br\/blog\/#\/schema\/logo\/image\/","url":"https:\/\/aquiads.com.br\/blog\/wp-content\/uploads\/2025\/06\/ExclusivoPlataforma_AquiADS_Laranja-2.png","contentUrl":"https:\/\/aquiads.com.br\/blog\/wp-content\/uploads\/2025\/06\/ExclusivoPlataforma_AquiADS_Laranja-2.png","width":1692,"height":383,"caption":"Blog do Aqui Ads"},"image":{"@id":"https:\/\/aquiads.com.br\/blog\/#\/schema\/logo\/image\/"}}]}},"_links":{"self":[{"href":"https:\/\/aquiads.com.br\/blog\/wp-json\/wp\/v2\/pages\/2765","targetHints":{"allow":["GET"]}}],"collection":[{"href":"https:\/\/aquiads.com.br\/blog\/wp-json\/wp\/v2\/pages"}],"about":[{"href":"https:\/\/aquiads.com.br\/blog\/wp-json\/wp\/v2\/types\/page"}],"author":[{"embeddable":true,"href":"https:\/\/aquiads.com.br\/blog\/wp-json\/wp\/v2\/users\/2"}],"replies":[{"embeddable":true,"href":"https:\/\/aquiads.com.br\/blog\/wp-json\/wp\/v2\/comments?post=2765"}],"version-history":[{"count":7,"href":"https:\/\/aquiads.com.br\/blog\/wp-json\/wp\/v2\/pages\/2765\/revisions"}],"predecessor-version":[{"id":2789,"href":"https:\/\/aquiads.com.br\/blog\/wp-json\/wp\/v2\/pages\/2765\/revisions\/2789"}],"wp:attachment":[{"href":"https:\/\/aquiads.com.br\/blog\/wp-json\/wp\/v2\/media?parent=2765"}],"curies":[{"name":"wp","href":"https:\/\/api.w.org\/{rel}","templated":true}]}}